{"id":5008,"date":"2023-02-27T06:36:03","date_gmt":"2023-02-27T06:36:03","guid":{"rendered":"https:\/\/beautycenteristanbul.com\/hakkimizda\/"},"modified":"2023-07-06T12:31:10","modified_gmt":"2023-07-06T12:31:10","slug":"hakkimizda","status":"publish","type":"page","link":"https:\/\/beautycenteristanbul.com\/en\/hakkimizda\/","title":{"rendered":"Hakk\u0131m\u0131zda"},"content":{"rendered":"\t\t<div data-elementor-type=\"wp-post\" data-elementor-id=\"5008\" class=\"elementor elementor-5008 elementor-1772\">\n\t\t\t\t\t\t\t\t\t<section class=\"elementor-section elementor-top-section elementor-element elementor-element-d681e42 elementor-section-full_width elementor-section-height-default elementor-section-height-default\" data-id=\"d681e42\" data-element_type=\"section\">\n\t\t\t\t\t\t<div class=\"elementor-container elementor-column-gap-no\">\n\t\t\t\t\t<div class=\"elementor-column elementor-col-100 elementor-top-column elementor-element elementor-element-d72b90c\" data-id=\"d72b90c\" data-element_type=\"column\">\n\t\t\t<div class=\"elementor-widget-wrap elementor-element-populated\">\n\t\t\t\t\t\t\t\t<div class=\"elementor-element elementor-element-0a8ca1f elementor-align-left elementor-widget elementor-widget-bdevs-about\" data-id=\"0a8ca1f\" data-element_type=\"widget\" data-widget_type=\"bdevs-about.default\">\n\t\t\t\t<div class=\"elementor-widget-container\">\n\t\t\t\r\n\t        <section class=\"about-area about-style-6\">\r\n\t            <div class=\"container\">\r\n\t                <div class=\"row\">\r\n\t                    <div class=\"col-xl-6 col-lg-5\">\r\n\t                        <div class=\"about-left-side pos-rel mb-30\">\r\n\t                            <div class=\"about-img pos-rel\">\r\n\t\t                            \t\t\t\t\t\t\t\t\t   <img decoding=\"async\" src=\"https:\/\/beautycenteristanbul.com\/wp-content\/uploads\/2023\/02\/hakkimizda.png\" alt=\"About Image\">\r\n\t\t\t\t\t\t\t\t\t  \r\n\t                            <\/div>\r\n\t                        <\/div>\r\n\t                    <\/div>\r\n\t                    <div class=\"col-xl-6 col-lg-7\">\r\n\t                        <div class=\"about-right-side mb-30 tp-el-content\">\r\n\t                            <div class=\"about-title mb-20\">\r\n\t                            \t\t\t\t\t\t\t\t\t\t<h5 class=\"sec-sub tp-el-subtitle\"><span><\/span>Hakk\u0131m\u0131zda<\/h5>\r\n\t\t\t\t\t\t\t\t\t\t \r\n\r\n\t\t\t\t\t\t\t\t\t\t\t\t\t\t\t\t\t\t<h2 class=\"sec-title tp-el-title\">Beauty Center \u0130stanbul<\/h2>\r\n\t\t\t\t\t\t\t\t\t\t                            <\/div>\r\n\t                            <div class=\"about-text mb-50\">\r\n\t                                <p>Beauty Center \u0130stanbul Sa\u011fl\u0131k Merkezi, 2022 y\u0131l\u0131nda kurulmu\u015f bir sa\u011fl\u0131k merkezidir. Amac\u0131m\u0131z, m\u00fc\u015fterilerimize en y\u00fcksek kalitede estetik ve sa\u011fl\u0131k hizmeti sunmakt\u0131r.<\/p><p>Sa\u011fl\u0131k merkezimizde, son teknoloji cihazlar ve ekipmanlarla donat\u0131lm\u0131\u015f modern bir yap\u0131da hizmet veriyoruz. M\u00fc\u015fterilerimiz i\u00e7in geni\u015f bir yelpazede hizmetler sunuyoruz, bunlar aras\u0131nda cilt bak\u0131m\u0131, di\u015f beyazlatma, zay\u0131flama programlar\u0131, botoks ve dolgu uygulamalar\u0131, sa\u00e7 ekimi gibi estetik hizmetlerinin yan\u0131 s\u0131ra diyetisyen ve psikolog deste\u011fi de yer almaktad\u0131r.<\/p><p>M\u00fc\u015fteri memnuniyeti bizim i\u00e7in her zaman \u00f6nceliklidir. Bu nedenle, m\u00fc\u015fterilerimize en kaliteli hizmeti sunmak i\u00e7in profesyonel ve deneyimli bir ekiple \u00e7al\u0131\u015f\u0131yoruz. Ekibimizde yer alan doktorlar\u0131m\u0131z, uzmanlar\u0131m\u0131z ve terapistlerimiz, en son teknikleri ve en iyi uygulamalar\u0131 kullanarak m\u00fc\u015fterilerimize \u00f6zelle\u015ftirilmi\u015f hizmet sunmaktad\u0131r.<\/p><p>Beauty Center \u0130stanbul Sa\u011fl\u0131k Merkezi, m\u00fc\u015fterilerimiz i\u00e7in g\u00fcvenli ve rahat bir ortam sunar. Hijyen ve sterilizasyon standartlar\u0131na dikkat ederek \u00e7al\u0131\u015f\u0131yoruz ve her m\u00fc\u015fterimiz i\u00e7in ayr\u0131 ayr\u0131 hijyenik bir ortam haz\u0131rl\u0131yoruz.<\/p><p>Bizimle \u00e7al\u0131\u015fmak isterseniz, sizleri Beauty Center \u0130stanbul Sa\u011fl\u0131k Merkezi'ne bekliyoruz. Deneyimli ekibimiz ve son teknoloji cihazlar\u0131m\u0131z ile size en iyi hizmeti sunmaktan mutluluk duyaca\u011f\u0131z.<\/p>\t                            <\/div>\r\n\t                            <div class=\"our-destination\">\r\n\t                                \t\t                                <div class=\"single-item mb-30\">\r\n\t\t\t\t\t\t\t\t\t\t\t\r\n\t\t                                    <div class=\"mv-title fix\">\r\n\t\t                                        <h3><\/h3>\r\n\t\t                                        \t\t                                    <\/div>\r\n\t\t                                <\/div>\r\n\t\t\t                    \t\t                            <\/div>\r\n\t                        <\/div>\r\n\t                    <\/div>\r\n\t                <\/div>\r\n\t            <\/div>\r\n\t        <\/section>\r\n\r\n\t\t\t\r\n\t\t\t<\/div>\n\t\t\t\t<\/div>\n\t\t\t\t\t<\/div>\n\t\t<\/div>\n\t\t\t\t\t\t\t<\/div>\n\t\t<\/section>\n\t\t\t\t<section class=\"elementor-section elementor-top-section elementor-element elementor-element-dc71a7d elementor-section-full_width elementor-section-height-default elementor-section-height-default\" data-id=\"dc71a7d\" data-element_type=\"section\" data-settings=\"{&quot;background_background&quot;:&quot;classic&quot;}\">\n\t\t\t\t\t\t<div class=\"elementor-container elementor-column-gap-default\">\n\t\t\t\t\t<div class=\"elementor-column elementor-col-100 elementor-top-column elementor-element elementor-element-d15e61c\" data-id=\"d15e61c\" data-element_type=\"column\">\n\t\t\t<div class=\"elementor-widget-wrap elementor-element-populated\">\n\t\t\t\t\t\t\t\t<div class=\"elementor-element elementor-element-df57856 elementor-align-center elementor-widget elementor-widget-bdevs-heading\" data-id=\"df57856\" data-element_type=\"widget\" data-widget_type=\"bdevs-heading.default\">\n\t\t\t\t<div class=\"elementor-widget-container\">\n\t\t\t        <div class=\"section-title tp-el-content\">\r\n            <div class=\"section-text\">\r\n                \t\t\t\t\t<h5 class=\"tp-el-subtitle\">Departmanlar\u0131m\u0131z<\/h5>\r\n\t\t\t\t\t\r\n\r\n                \t\t\t\t\t<h2 class=\"sec-title tp-el-title\">Ba\u015fl\u0131ca Hizmetlerimiz<\/h2>\r\n\t\t\t\t\r\n\t\t\t            <\/div>\r\n        <\/div>\r\n\r\n\r\n        \t\t\r\n\t\t\t<\/div>\n\t\t\t\t<\/div>\n\t\t\t\t<section class=\"elementor-section elementor-inner-section elementor-element elementor-element-ec9f69a elementor-section-boxed elementor-section-height-default elementor-section-height-default\" data-id=\"ec9f69a\" data-element_type=\"section\">\n\t\t\t\t\t\t<div class=\"elementor-container elementor-column-gap-extended\">\n\t\t\t\t\t<div class=\"elementor-column elementor-col-50 elementor-inner-column elementor-element elementor-element-40485ca\" data-id=\"40485ca\" data-element_type=\"column\">\n\t\t\t<div class=\"elementor-widget-wrap elementor-element-populated\">\n\t\t\t\t\t\t\t\t<div class=\"elementor-element elementor-element-01cd978 elementor-align-left elementor-widget elementor-widget-bdevs-icon-box\" data-id=\"01cd978\" data-element_type=\"widget\" data-settings=\"{&quot;chose_style&quot;:&quot;style_1&quot;}\" data-widget_type=\"bdevs-icon-box.default\">\n\t\t\t\t<div class=\"elementor-widget-container\">\n\t\t\t\t\t\r\n\r\n\t\t\t\t<div class=\"service-box icon-box text-center\" style=\"background-image:url(https:\/\/beautycenteristanbul.com\/wp-content\/uploads\/2021\/04\/icon4.png)\">\r\n\t\t\t<div class=\"info-shape\"><\/div>\r\n\t\t\t            <div class=\"service-thumb\">\r\n                <img decoding=\"async\" src=\"https:\/\/beautycenteristanbul.com\/wp-content\/uploads\/2023\/02\/estetik-cerrahi.jpg\" alt=\"icon\">\r\n            <\/div>\r\n                        <div class=\"service-content\">\r\n            \t                <h3><a class=\"heading-link\" href=\"https:\/\/beautycenteristanbul.com\/hizmetlerimiz\/estetik-ve-plastik-cerrahi\/\" target=\"_blank\">Estetik Cerrahi<\/a><\/h3>\r\n                                                <p>Estetik cerrahi, insanlar\u0131n v\u00fccutlar\u0131n\u0131 daha iyi hissetmeleri ve kendilerine daha fazla g\u00fcvenmeleri i\u00e7in estetik ama\u00e7l\u0131 yap\u0131lan cerrahi i\u015flemlerdir. Bu i\u015flemler genellikle estetik kayg\u0131larla yap\u0131l\u0131r ve y\u00fcz, g\u00f6\u011f\u00fcs, kar\u0131n, kal\u00e7a ve bacaklarda ger\u00e7ekle\u015ftirilir. Estetik cerrahi, hastalar\u0131n fiziksel g\u00f6r\u00fcn\u00fcmlerinde \u00f6nemli de\u011fi\u015fiklikler yapabilen etkili bir tedavi se\u00e7ene\u011fidir. Ancak, her zaman do\u011fru ki\u015filer taraf\u0131ndan ve uygun nedenlerle yap\u0131ld\u0131\u011f\u0131nda en iyi sonu\u00e7lar\u0131 verebilir.<\/p>\r\n                \r\n                                <a class=\"button-border\" href=\"https:\/\/beautycenteristanbul.com\/hizmetlerimiz\/estetik-ve-plastik-cerrahi\/\" target=\"_blank\">\r\n                \tAyr\u0131nt\u0131lar                <\/a>\r\n                            <\/div>\r\n        <\/div>\r\n\r\n        \t\t\t<\/div>\n\t\t\t\t<\/div>\n\t\t\t\t\t<\/div>\n\t\t<\/div>\n\t\t\t\t<div class=\"elementor-column elementor-col-50 elementor-inner-column elementor-element elementor-element-70e2f91\" data-id=\"70e2f91\" data-element_type=\"column\">\n\t\t\t<div class=\"elementor-widget-wrap elementor-element-populated\">\n\t\t\t\t\t\t\t\t<div class=\"elementor-element elementor-element-a61e3a1 elementor-align-left elementor-widget elementor-widget-bdevs-icon-box\" data-id=\"a61e3a1\" data-element_type=\"widget\" data-settings=\"{&quot;chose_style&quot;:&quot;style_1&quot;}\" data-widget_type=\"bdevs-icon-box.default\">\n\t\t\t\t<div class=\"elementor-widget-container\">\n\t\t\t\t\t\r\n\r\n\t\t\t\t<div class=\"service-box icon-box text-center\" style=\"background-image:url(https:\/\/beautycenteristanbul.com\/wp-content\/uploads\/2021\/04\/icon4.png)\">\r\n\t\t\t<div class=\"info-shape\"><\/div>\r\n\t\t\t            <div class=\"service-thumb\">\r\n                <img decoding=\"async\" src=\"https:\/\/beautycenteristanbul.com\/wp-content\/uploads\/2023\/02\/kozmetik-dermotoloji.jpg\" alt=\"icon\">\r\n            <\/div>\r\n                        <div class=\"service-content\">\r\n            \t                <h3><a class=\"heading-link\" href=\"https:\/\/beautycenteristanbul.com\/hizmetlerimiz\/kozmetik-dermotoloji\/\" target=\"_blank\">Kozmetik Dermatoloji<\/a><\/h3>\r\n                                                <p>Kozmetik dermatoloji, cilt sa\u011fl\u0131\u011f\u0131n\u0131 koruyarak estetik ama\u00e7l\u0131 yap\u0131lan dermatolojik i\u015flemlerdir. Bu i\u015flemler, ciltteki lekeler, k\u0131r\u0131\u015f\u0131kl\u0131klar, sivilce izleri, k\u0131lcal damarlar gibi sorunlar\u0131 tedavi ederek daha gen\u00e7 ve sa\u011fl\u0131kl\u0131 bir cilt g\u00f6r\u00fcn\u00fcm\u00fc sa\u011flamay\u0131 ama\u00e7lar. Kozmetik dermatoloji, g\u00fcvenli ve etkili bir \u015fekilde uygulanabilen bir tedavi se\u00e7ene\u011fidir. Ancak, her zaman do\u011fru bir \u015fekilde uygulanmas\u0131 ve uygun bir \u015fekilde y\u00f6netilmesi gerekir.<\/p>\r\n                \r\n                                <a class=\"button-border\" href=\"https:\/\/beautycenteristanbul.com\/hizmetlerimiz\/kozmetik-dermotoloji\/\" target=\"_blank\">\r\n                \tAyr\u0131nt\u0131lar                <\/a>\r\n                            <\/div>\r\n        <\/div>\r\n\r\n        \t\t\t<\/div>\n\t\t\t\t<\/div>\n\t\t\t\t\t<\/div>\n\t\t<\/div>\n\t\t\t\t\t\t\t<\/div>\n\t\t<\/section>\n\t\t\t\t<section class=\"elementor-section elementor-inner-section elementor-element elementor-element-f6b1477 elementor-section-boxed elementor-section-height-default elementor-section-height-default\" data-id=\"f6b1477\" data-element_type=\"section\">\n\t\t\t\t\t\t<div class=\"elementor-container elementor-column-gap-extended\">\n\t\t\t\t\t<div class=\"elementor-column elementor-col-50 elementor-inner-column elementor-element elementor-element-964d74a\" data-id=\"964d74a\" data-element_type=\"column\">\n\t\t\t<div class=\"elementor-widget-wrap elementor-element-populated\">\n\t\t\t\t\t\t\t\t<div class=\"elementor-element elementor-element-18fc54a elementor-align-left elementor-widget elementor-widget-bdevs-icon-box\" data-id=\"18fc54a\" data-element_type=\"widget\" data-settings=\"{&quot;chose_style&quot;:&quot;style_1&quot;}\" data-widget_type=\"bdevs-icon-box.default\">\n\t\t\t\t<div class=\"elementor-widget-container\">\n\t\t\t\t\t\r\n\r\n\t\t\t\t<div class=\"service-box icon-box text-center\" style=\"background-image:url(https:\/\/beautycenteristanbul.com\/wp-content\/uploads\/2021\/04\/icon4.png)\">\r\n\t\t\t<div class=\"info-shape\"><\/div>\r\n\t\t\t            <div class=\"service-thumb\">\r\n                <img decoding=\"async\" src=\"https:\/\/beautycenteristanbul.com\/wp-content\/uploads\/2023\/02\/dis-estetigi-1.jpg\" alt=\"icon\">\r\n            <\/div>\r\n                        <div class=\"service-content\">\r\n            \t                <h3><a class=\"heading-link\" href=\"https:\/\/beautycenteristanbul.com\/hizmetlerimiz\/dis-tedavisi\/\" target=\"_blank\">Di\u015f Esteti\u011fi<\/a><\/h3>\r\n                                                <p>Di\u015f esteti\u011fi, di\u015flerin g\u00f6r\u00fcn\u00fcm\u00fcn\u00fc iyile\u015ftirerek daha estetik bir g\u00fcl\u00fc\u015f sa\u011flamay\u0131 ama\u00e7layan bir tedavi y\u00f6ntemidir. Bu y\u00f6ntemler, di\u015f beyazlatma, dolgu, porselen kaplama, di\u015f telleri, implantlar gibi farkl\u0131 uygulamalar\u0131 i\u00e7erir. Di\u015f esteti\u011fi, sa\u011fl\u0131kl\u0131 di\u015f ve di\u015f etlerine sahip ki\u015filer i\u00e7in uygulanabilen bir tedavidir. Ancak, her zaman bir di\u015f hekimi taraf\u0131ndan do\u011fru bir \u015fekilde de\u011ferlendirilmesi ve uygulanmas\u0131 gerekir.<\/p>\r\n                \r\n                                <a class=\"button-border\" href=\"https:\/\/beautycenteristanbul.com\/hizmetlerimiz\/dis-tedavisi\/\" target=\"_blank\">\r\n                \tAyr\u0131nt\u0131lar                <\/a>\r\n                            <\/div>\r\n        <\/div>\r\n\r\n        \t\t\t<\/div>\n\t\t\t\t<\/div>\n\t\t\t\t\t<\/div>\n\t\t<\/div>\n\t\t\t\t<div class=\"elementor-column elementor-col-50 elementor-inner-column elementor-element elementor-element-1054bd3\" data-id=\"1054bd3\" data-element_type=\"column\">\n\t\t\t<div class=\"elementor-widget-wrap elementor-element-populated\">\n\t\t\t\t\t\t\t\t<div class=\"elementor-element elementor-element-6546bad elementor-align-left elementor-widget elementor-widget-bdevs-icon-box\" data-id=\"6546bad\" data-element_type=\"widget\" data-settings=\"{&quot;chose_style&quot;:&quot;style_1&quot;}\" data-widget_type=\"bdevs-icon-box.default\">\n\t\t\t\t<div class=\"elementor-widget-container\">\n\t\t\t\t\t\r\n\r\n\t\t\t\t<div class=\"service-box icon-box text-center\" style=\"background-image:url(https:\/\/beautycenteristanbul.com\/wp-content\/uploads\/2021\/04\/pharmacy.png)\">\r\n\t\t\t<div class=\"info-shape\"><\/div>\r\n\t\t\t            <div class=\"service-thumb\">\r\n                <img decoding=\"async\" src=\"https:\/\/beautycenteristanbul.com\/wp-content\/uploads\/2023\/02\/sac-estetigi.jpg\" alt=\"icon\">\r\n            <\/div>\r\n                        <div class=\"service-content\">\r\n            \t                <h3><a class=\"heading-link\" href=\"https:\/\/beautycenteristanbul.com\/hizmetlerimiz\/sac-tedavisi\/\" target=\"_blank\">Sa\u00e7 Esteti\u011fi<\/a><\/h3>\r\n                                                <p>Sa\u00e7 esteti\u011fi, sa\u00e7 d\u00f6k\u00fclmesi veya seyrelmesi olan ki\u015filerde daha dolgun ve estetik bir sa\u00e7 g\u00f6r\u00fcn\u00fcm\u00fc sa\u011flamak i\u00e7in uygulanan cerrahi veya cerrahi olmayan i\u015flemlerdir. Bu i\u015flemler, sa\u00e7 ekimi, sa\u00e7 mezoterapisi, PRP gibi farkl\u0131 uygulamalar\u0131 i\u00e7erebilir. Sa\u00e7 esteti\u011fi, do\u011fru ki\u015filer taraf\u0131ndan ve do\u011fru nedenlerle yap\u0131ld\u0131\u011f\u0131nda etkili bir tedavi se\u00e7ene\u011fi olabilir. Ancak, her zaman do\u011fru bir \u015fekilde de\u011ferlendirilmesi ve uygulanmas\u0131 gerekir.<\/p>\r\n                \r\n                                <a class=\"button-border\" href=\"https:\/\/beautycenteristanbul.com\/hizmetlerimiz\/sac-tedavisi\/\" target=\"_blank\">\r\n                \tAyr\u0131nt\u0131lar                <\/a>\r\n                            <\/div>\r\n        <\/div>\r\n\r\n        \t\t\t<\/div>\n\t\t\t\t<\/div>\n\t\t\t\t\t<\/div>\n\t\t<\/div>\n\t\t\t\t\t\t\t<\/div>\n\t\t<\/section>\n\t\t\t\t\t<\/div>\n\t\t<\/div>\n\t\t\t\t\t\t\t<\/div>\n\t\t<\/section>\n\t\t\t\t\t\t\t<\/div>\n\t\t","protected":false},"excerpt":{"rendered":"<p>Hakk\u0131m\u0131zda Beauty Center \u0130stanbul Beauty Center \u0130stanbul Sa\u011fl\u0131k Merkezi, 2022 y\u0131l\u0131nda kurulmu\u015f bir sa\u011fl\u0131k merkezidir. Amac\u0131m\u0131z, m\u00fc\u015fterilerimize en y\u00fcksek kalitede estetik ve sa\u011fl\u0131k hizmeti sunmakt\u0131r. Sa\u011fl\u0131k merkezimizde, son teknoloji cihazlar ve ekipmanlarla donat\u0131lm\u0131\u015f modern bir yap\u0131da hizmet veriyoruz. M\u00fc\u015fterilerimiz i\u00e7in geni\u015f bir yelpazede hizmetler sunuyoruz, bunlar aras\u0131nda cilt bak\u0131m\u0131, di\u015f beyazlatma, zay\u0131flama programlar\u0131, botoks ve [&hellip;]<\/p>\n","protected":false},"author":1,"featured_media":0,"parent":0,"menu_order":0,"comment_status":"closed","ping_status":"closed","template":"elementor_header_footer","meta":{"om_disable_all_campaigns":false,"_mi_skip_tracking":false,"_joinchat":[],"footnotes":""},"class_list":["post-5008","page","type-page","status-publish","hentry"],"acf":[],"_links":{"self":[{"href":"https:\/\/beautycenteristanbul.com\/en\/wp-json\/wp\/v2\/pages\/5008","targetHints":{"allow":["GET"]}}],"collection":[{"href":"https:\/\/beautycenteristanbul.com\/en\/wp-json\/wp\/v2\/pages"}],"about":[{"href":"https:\/\/beautycenteristanbul.com\/en\/wp-json\/wp\/v2\/types\/page"}],"author":[{"embeddable":true,"href":"https:\/\/beautycenteristanbul.com\/en\/wp-json\/wp\/v2\/users\/1"}],"replies":[{"embeddable":true,"href":"https:\/\/beautycenteristanbul.com\/en\/wp-json\/wp\/v2\/comments?post=5008"}],"version-history":[{"count":10,"href":"https:\/\/beautycenteristanbul.com\/en\/wp-json\/wp\/v2\/pages\/5008\/revisions"}],"predecessor-version":[{"id":7360,"href":"https:\/\/beautycenteristanbul.com\/en\/wp-json\/wp\/v2\/pages\/5008\/revisions\/7360"}],"wp:attachment":[{"href":"https:\/\/beautycenteristanbul.com\/en\/wp-json\/wp\/v2\/media?parent=5008"}],"curies":[{"name":"wp","href":"https:\/\/api.w.org\/{rel}","templated":true}]}}